{"id":184,"date":"2017-02-01T13:13:46","date_gmt":"2017-02-01T13:13:46","guid":{"rendered":"https:\/\/massotebrokers.net.br\/vilareal\/?page_id=2"},"modified":"2024-10-04T22:57:33","modified_gmt":"2024-10-04T22:57:33","slug":"home","status":"publish","type":"page","link":"https:\/\/massotebrokers.net.br\/vilareal\/","title":{"rendered":"Home"},"content":{"rendered":"<div class=\"wpb-content-wrapper\"><p>[vc_row full_width=&#8221;stretch_row&#8221;][vc_column]<div class=\"avt_masterslider_el \" >\n\t\t<!-- MasterSlider -->\n\t\t<div id=\"P_MS6a02076f82eaa\" class=\"master-slider-parent ms-parent-id-2\" style=\"\" >\n\n\t\t\t\n\t\t\t<!-- MasterSlider Main -->\n\t\t\t<div id=\"MS6a02076f82eaa\" class=\"master-slider ms-skin-default\" >\n\t\t\t\t \t\t\t\t \n<div class=\"ms-overlay-layers\">\t\t\t\t\t<a  href=\"https:\/\/viladaserraoficial.com.br\/#explore\" target=\"_self\" class=\"ms-layer  msp-cn-2-1 ms-btn ms-btn-round ms-btn-n msp-preset-btn-90\"    data-ease=\"easeOutQuint\"        data-type=\"button\"        data-offset-x=\"-194\" data-offset-y=\"230\" data-origin=\"mc\" data-phone-offset-x=\"-5\" data-phone-offset-y=\"152\" data-relative-size=\"true\"     >\nLAN\u00c7AMENTOS<\/a>\n\n\t\t\t\t\t<a  href=\"https:\/\/viladaserraoficial.com.br\/#agenda\" target=\"_blank\" class=\"ms-layer  msp-cn-2-2 ms-btn ms-default-btn\"    data-ease=\"easeOutQuint\"        data-type=\"button\"        data-offset-x=\"126\" data-offset-y=\"231\" data-origin=\"mc\" data-phone-offset-x=\"-3\" data-phone-offset-y=\"216\" data-relative-size=\"true\"     >\nVISITA AGENDADA<\/a>\n\n\t\t\t\t\t<div  class=\"ms-layer  msp-cn-2-3\" style=\"\"      data-ease=\"easeOutQuint\"                data-offset-x=\"-19\" data-offset-y=\"-122\" data-origin=\"mc\" data-tablet-offset-x=\"-19\" data-tablet-offset-y=\"-122\" data-phone-offset-x=\"-3\" data-phone-offset-y=\"-252\" data-phone-origin=\"mc\" data-relative-size=\"true\"   >\nLAN\u00c7AMENTOS IMOBILI\u00c1RIOS<\/div>\n\n\t\t\t\t\t<div  class=\"ms-layer  msp-cn-2-4\" style=\"\"      data-ease=\"easeOutQuint\"                data-offset-x=\"-5\" data-offset-y=\"-51\" data-origin=\"mc\" data-phone-offset-x=\"2\" data-phone-offset-y=\"-183\" data-relative-size=\"true\"   >\nALTO PADR\u00c3O<\/div>\n\n<\/div>\n\t\t\t<div  class=\"ms-slide\" data-delay=\"3\" data-fill-mode=\"fill\"   >\n\t\t\t\t\t<div class=\"ms-pattern \" style=\"background-color:rgba(0, 0, 0, 0.51);\" ><\/div>\n\t\t\t\t\t<img decoding=\"async\" src=\"https:\/\/massotebrokers.net.br\/vilareal\/wp-content\/plugins\/masterslider\/public\/assets\/css\/blank.gif\" alt=\"\" title=\"1\" data-src=\"https:\/\/massotebrokers.net.br\/vilareal\/wp-content\/uploads\/2024\/09\/1-1.png\" \/>\n\n\n\t\t\t\t<\/div>\n\t\t\t<div  class=\"ms-slide\" data-delay=\"3\" data-fill-mode=\"fill\"   >\n\t\t\t\t\t<div class=\"ms-pattern \" style=\"background-color:rgba(0, 0, 0, 0.51);\" ><\/div>\n\t\t\t\t\t<img decoding=\"async\" src=\"https:\/\/massotebrokers.net.br\/vilareal\/wp-content\/plugins\/masterslider\/public\/assets\/css\/blank.gif\" alt=\"\" title=\"2\" data-src=\"https:\/\/massotebrokers.net.br\/vilareal\/wp-content\/uploads\/2024\/09\/2-1.png\" \/>\n\n\n\t\t\t\t<\/div>\n\t\t\t<div  class=\"ms-slide\" data-delay=\"3\" data-fill-mode=\"fill\"   >\n\t\t\t\t\t<div class=\"ms-pattern \" style=\"background-color:rgba(0, 0, 0, 0.51);\" ><\/div>\n\t\t\t\t\t<img decoding=\"async\" src=\"https:\/\/massotebrokers.net.br\/vilareal\/wp-content\/plugins\/masterslider\/public\/assets\/css\/blank.gif\" alt=\"\" title=\"3\" data-src=\"https:\/\/massotebrokers.net.br\/vilareal\/wp-content\/uploads\/2024\/09\/3-1.png\" \/>\n\n\n\t\t\t\t<\/div>\n\t\t\t<div  class=\"ms-slide\" data-delay=\"3\" data-fill-mode=\"fill\"   >\n\t\t\t\t\t<div class=\"ms-pattern \" style=\"background-color:rgba(0, 0, 0, 0.51);\" ><\/div>\n\t\t\t\t\t<img decoding=\"async\" src=\"https:\/\/massotebrokers.net.br\/vilareal\/wp-content\/plugins\/masterslider\/public\/assets\/css\/blank.gif\" alt=\"\" title=\"4\" data-src=\"https:\/\/massotebrokers.net.br\/vilareal\/wp-content\/uploads\/2024\/09\/4-1.png\" \/>\n\n\n\t\t\t\t<\/div>\n\t\t\t<div  class=\"ms-slide\" data-delay=\"3\" data-fill-mode=\"fill\"   >\n\t\t\t\t\t<div class=\"ms-pattern \" style=\"background-color:rgba(0, 0, 0, 0.51);\" ><\/div>\n\t\t\t\t\t<img decoding=\"async\" src=\"https:\/\/massotebrokers.net.br\/vilareal\/wp-content\/plugins\/masterslider\/public\/assets\/css\/blank.gif\" alt=\"\" title=\"5\" data-src=\"https:\/\/massotebrokers.net.br\/vilareal\/wp-content\/uploads\/2024\/09\/5-1.png\" \/>\n\n\n\t\t\t\t<\/div>\n\t\t\t<div  class=\"ms-slide\" data-delay=\"3\" data-fill-mode=\"fill\"   >\n\t\t\t\t\t<div class=\"ms-pattern \" style=\"background-color:rgba(0, 0, 0, 0.51);\" ><\/div>\n\t\t\t\t\t<img decoding=\"async\" src=\"https:\/\/massotebrokers.net.br\/vilareal\/wp-content\/plugins\/masterslider\/public\/assets\/css\/blank.gif\" alt=\"\" title=\"6\" data-src=\"https:\/\/massotebrokers.net.br\/vilareal\/wp-content\/uploads\/2024\/09\/6-1.png\" \/>\n\n\n\t\t\t\t<\/div>\n\t\t\t<div  class=\"ms-slide\" data-delay=\"3\" data-fill-mode=\"fill\"   >\n\t\t\t\t\t<div class=\"ms-pattern \" style=\"background-color:rgba(0, 0, 0, 0.51);\" ><\/div>\n\t\t\t\t\t<img decoding=\"async\" src=\"https:\/\/massotebrokers.net.br\/vilareal\/wp-content\/plugins\/masterslider\/public\/assets\/css\/blank.gif\" alt=\"\" title=\"7\" data-src=\"https:\/\/massotebrokers.net.br\/vilareal\/wp-content\/uploads\/2024\/09\/7-1.png\" \/>\n\n\n\t\t\t\t<\/div>\n\t\t\t<div  class=\"ms-slide\" data-delay=\"3\" data-fill-mode=\"center\"   >\n\t\t\t\t\t<div class=\"ms-pattern \" style=\"background-color:rgba(0, 0, 0, 0.51);\" ><\/div>\n\t\t\t\t\t<img decoding=\"async\" src=\"https:\/\/massotebrokers.net.br\/vilareal\/wp-content\/plugins\/masterslider\/public\/assets\/css\/blank.gif\" alt=\"\" title=\"8\" data-src=\"https:\/\/massotebrokers.net.br\/vilareal\/wp-content\/uploads\/2024\/09\/8-1.png\" \/>\n\n\n\t\t\t\t<\/div>\n\n\t\t\t<\/div>\n\t\t\t<!-- END MasterSlider Main -->\n\n\t\t\t \n\t\t<\/div>\n\t\t<!-- END MasterSlider -->\n\n\t\t<script>\n\t\t( window.MSReady = window.MSReady || [] ).push( function( $ ) {\n\n\t\t\t\"use strict\";\n\t\t\tvar masterslider_2eaa = new MasterSlider();\n\n\t\t\t\/\/ slider controls\n\t\t\t\/\/ slider setup\n\t\t\tmasterslider_2eaa.setup(\"MS6a02076f82eaa\", {\n\t\t\t\twidth           : 1240,\n\t\t\t\theight          : 700,\n\t\t\t\tminHeight       : 0,\n\t\t\t\tspace           : 0,\n\t\t\t\tstart           : 1,\n\t\t\t\tgrabCursor      : true,\n\t\t\t\tswipe           : true,\n\t\t\t\tmouse           : true,\n\t\t\t\tkeyboard        : false,\n\t\t\t\tlayout          : \"fullwidth\",\n\t\t\t\twheel           : false,\n\t\t\t\tautoplay        : true,\n                instantStartLayers:false,\n\t\t\t\tmobileBGVideo:false,\n\t\t\t\tloop            : true,\n\t\t\t\tshuffle         : false,\n\t\t\t\tpreload         : 0,\n\t\t\t\theightLimit     : true,\n\t\t\t\tautoHeight      : false,\n\t\t\t\tsmoothHeight    : true,\n\t\t\t\tendPause        : false,\n\t\t\t\toverPause       : false,\n\t\t\t\tfillMode        : \"fill\",\n\t\t\t\tcenterControls  : true,\n\t\t\t\tstartOnAppear   : false,\n\t\t\t\tlayersMode      : \"center\",\n\t\t\t\tautofillTarget  : \"\",\n\t\t\t\thideLayers      : false,\n\t\t\t\tfullscreenMargin: 0,\n\t\t\t\tspeed           : 20,\n\t\t\t\tdir             : \"h\",\n\t\t\t\tresponsive      : true,\n\t\t\t\ttabletWidth     : 768,\n\t\t\t\ttabletHeight    : null,\n\t\t\t\tphoneWidth      : 480,\n\t\t\t\tphoneHeight    : 700,\n\t\t\t\tsizingReference : window,\n\t\t\t\tparallaxMode    : 'swipe',\n\t\t\t\tview            : \"fade\"\n\t\t\t});\n\n\t\t\t\n\t\t\twindow.masterslider_instances = window.masterslider_instances || [];\n\t\t\twindow.masterslider_instances.push( masterslider_2eaa );\n\t\t});\n\t\t<\/script>\n\n<\/div>[\/vc_column][\/vc_row][vc_row full_width=&#8221;stretch_row&#8221; el_id=&#8221;explore&#8221; css=&#8221;.vc_custom_1727965668584{background-color: #FFFFFF !important;}&#8221;][vc_column][vc_column_text]<\/p>\n<h1 style=\"text-align: center;\">EXPLORE NOSSO PORTIF\u00d3LIO<\/h1>\n<p>[\/vc_column_text][vc_basic_grid post_type=&#8221;post&#8221; max_items=&#8221;-1&#8243; order=&#8221;ASC&#8221; item=&#8221;395&#8243; css=&#8221;&#8221; grid_id=&#8221;vc_gid:1728082604530-c4dfbaab-1ab2-3&#8243; taxonomies=&#8221;24, 25, 26, 32, 29, 31, 30, 28, 33&#8243;][\/vc_column][\/vc_row][vc_row full_width=&#8221;stretch_row&#8221; css=&#8221;.vc_custom_1728082651747{background-color: #232222 !important;}&#8221; el_id=&#8221;agenda&#8221;][vc_column width=&#8221;1\/4&#8243;][\/vc_column][vc_column width=&#8221;1\/2&#8243;][vc_column_text css=&#8221;&#8221;]<\/p>\n<h5 style=\"text-align: center;\">AGENDAMENTO<\/h5>\n<p>[\/vc_column_text][vc_column_text css=&#8221;&#8221;]<\/p>\n<p style=\"text-align: center;\"><strong><span style=\"color: #cf9439; font-size: 24PX;\">VISITE O APARTAMENTO DECORADO<\/span><\/strong><\/p>\n<p>[\/vc_column_text][vc_column_text css=&#8221;&#8221;]<\/p>\n<div class=\"caldera-grid\" id=\"caldera_form_1\" data-cf-ver=\"1.9.6\" data-cf-form-id=\"CF66f1d0d2c2afb\"><div id=\"caldera_notices_1\" data-spinner=\"https:\/\/massotebrokers.net.br\/vilareal\/wp-admin\/images\/spinner.gif\"><\/div><form data-instance=\"1\" class=\"CF66f1d0d2c2afb caldera_forms_form cfajax-trigger\" method=\"POST\" enctype=\"multipart\/form-data\" id=\"CF66f1d0d2c2afb_1\" data-form-id=\"CF66f1d0d2c2afb\" aria-label=\"AGENDA\" data-target=\"#caldera_notices_1\" data-template=\"#cfajax_CF66f1d0d2c2afb-tmpl\" data-cfajax=\"CF66f1d0d2c2afb\" data-load-element=\"_parent\" data-load-class=\"cf_processing\" data-post-disable=\"0\" data-action=\"cf_process_ajax_submit\" data-request=\"https:\/\/massotebrokers.net.br\/vilareal\/cf-api\/CF66f1d0d2c2afb\" data-hiderows=\"true\">\r\n<input type=\"hidden\" id=\"_cf_verify_CF66f1d0d2c2afb\" name=\"_cf_verify\" value=\"7f700a19a1\"  data-nonce-time=\"1778517871\" \/><input type=\"hidden\" name=\"_wp_http_referer\" value=\"\/vilareal\/wp-json\/wp\/v2\/pages\/184\" \/><div id=\"cf2-CF66f1d0d2c2afb_1\"><\/div><input type=\"hidden\" name=\"_cf_frm_id\" value=\"CF66f1d0d2c2afb\">\r\n<input type=\"hidden\" name=\"_cf_frm_ct\" value=\"1\">\r\n<input type=\"hidden\" name=\"cfajax\" value=\"CF66f1d0d2c2afb\">\r\n<input type=\"hidden\" name=\"_cf_cr_pst\" value=\"184\">\r\n<div class=\"hide\" style=\"display:none; overflow:hidden;height:0;width:0;\">\r\n<label>Order Number<\/label><input type=\"text\" name=\"order_number\" value=\"\" autocomplete=\"off\">\r\n<\/div><div id=\"CF66f1d0d2c2afb_1-row-1\"  class=\"row  first_row\"><div  class=\"col-sm-12  single\"><div data-field-wrapper=\"fld_8861622\" class=\"form-group\" id=\"fld_8861622_1-wrap\">\r\n\t<label id=\"fld_8861622Label\" for=\"fld_8861622_1\" class=\"control-label\">Nome: <span aria-hidden=\"true\" role=\"presentation\" class=\"field_required\" style=\"color:#ee0000;\">*<\/span><\/label>\r\n\t<div class=\"\">\r\n\t\t<input   required type=\"text\" data-field=\"fld_8861622\" class=\" form-control\" id=\"fld_8861622_1\" name=\"fld_8861622\" value=\"\" data-type=\"text\" aria-required=\"true\"   aria-labelledby=\"fld_8861622Label\" >\t\t\t<\/div>\r\n<\/div>\r\n<\/div><\/div><div id=\"CF66f1d0d2c2afb_1-row-2\"  class=\"row \"><div  class=\"col-sm-12  single\"><div data-field-wrapper=\"fld_7420384\" class=\"form-group\" id=\"fld_7420384_1-wrap\">\r\n\t<label id=\"fld_7420384Label\" for=\"fld_7420384_1\" class=\"control-label\">Telefone: <span aria-hidden=\"true\" role=\"presentation\" class=\"field_required\" style=\"color:#ee0000;\">*<\/span><\/label>\r\n\t<div class=\"\">\r\n\t\t<input   required type=\"text\" data-field=\"fld_7420384\" class=\" form-control\" id=\"fld_7420384_1\" name=\"fld_7420384\" value=\"\" data-type=\"text\" aria-required=\"true\"   aria-labelledby=\"fld_7420384Label\" >\t\t\t<\/div>\r\n<\/div>\r\n<\/div><\/div><div id=\"CF66f1d0d2c2afb_1-row-3\"  class=\"row \"><div  class=\"col-sm-12  single\"><div data-field-wrapper=\"fld_1390838\" class=\"form-group\" id=\"fld_1390838_1-wrap\">\r\n\t<label id=\"fld_1390838Label\" for=\"fld_1390838_1\" class=\"control-label\">E-mail: <span aria-hidden=\"true\" role=\"presentation\" class=\"field_required\" style=\"color:#ee0000;\">*<\/span><\/label>\r\n\t<div class=\"\">\r\n\t\t<input   required type=\"email\" data-field=\"fld_1390838\" class=\" form-control\" id=\"fld_1390838_1\" name=\"fld_1390838\" value=\"\" data-type=\"email\" aria-required=\"true\"   aria-labelledby=\"fld_1390838Label\" >\t\t\t<\/div>\r\n<\/div>\r\n<\/div><\/div><div id=\"CF66f1d0d2c2afb_1-row-4\"  class=\"row \"><div  class=\"col-sm-12  single\"><div data-field-wrapper=\"fld_8469074\" class=\"form-group\" id=\"fld_8469074_1-wrap\">\r\n<label id=\"fld_8469074Label\" for=\"fld_8469074_1\" class=\"control-label\">COMO PREFERE SER CONTACTADO PARA O AGENDAMENTO?<\/label>\r\n<div class=\"\">\r\n\t\t\t\t<label class=\"radio-inline\" data-label=\"Liga\u00e7\u00e3o\" for=\"fld_8469074_1_opt1059974\"><input type=\"radio\" id=\"fld_8469074_1_opt1059974\" data-field=\"fld_8469074\" class=\"fld_8469074_1\" name=\"fld_8469074\" value=\"Liga\u00e7\u00e3o\"    data-radio-field=\"fld_8469074_1\" data-type=\"radio\" data-calc-value=\"Liga\u00e7\u00e3o\" \/>\n\t\t\tLiga\u00e7\u00e3o\t\t<\/label>\n\t\t\t\t\t\t\t\t<label class=\"radio-inline\" data-label=\"Whatsapp\" for=\"fld_8469074_1_opt1453169\"><input type=\"radio\" id=\"fld_8469074_1_opt1453169\" data-field=\"fld_8469074\" class=\"fld_8469074_1\" name=\"fld_8469074\" value=\"Whatsapp\"    data-radio-field=\"fld_8469074_1\" data-type=\"radio\" data-calc-value=\"Whatsapp\" \/>\n\t\t\tWhatsapp\t\t<\/label>\n\t\t\t\t\t\t\t\t<label class=\"radio-inline\" data-label=\"E-mail\" for=\"fld_8469074_1_opt1785971\"><input type=\"radio\" id=\"fld_8469074_1_opt1785971\" data-field=\"fld_8469074\" class=\"fld_8469074_1\" name=\"fld_8469074\" value=\"E-mail\"    data-radio-field=\"fld_8469074_1\" data-type=\"radio\" data-calc-value=\"E-mail\" \/>\n\t\t\tE-mail\t\t<\/label>\n\t\t\t\t<\/div>\r\n<\/div>\r\n<\/div><\/div><div id=\"CF66f1d0d2c2afb_1-row-5\"  class=\"row \"><div  class=\"col-sm-12  single\"><div class=\"text-form\"><p>Ao clicar em Solicitar Agendamento, eu confirmo que disponibilizo conscientemente esses dados e autorizo a MASSOTE BROKERS a entrar em contato comigo usando as informa\u00e7\u00f5es fornecidas, durante o hor\u00e1rio comercial.<\/p>\n<\/div><\/div><\/div><div id=\"CF66f1d0d2c2afb_1-row-6\"  class=\"row  last_row\"><div  class=\"col-sm-12  single\"><div data-field-wrapper=\"fld_1135858\" class=\"form-group\" id=\"fld_1135858_1-wrap\">\r\n\t<label class=\"control-label\">&nbsp;<\/label>\n<div class=\"\">\r\n\t<input  class=\"btn btn-default\" type=\"submit\" name=\"fld_1135858\" id=\"fld_1135858_1\" value=\"SOLICITAR AGENDAMENTO\" data-field=\"fld_1135858\"  >\n<\/div>\r\n<\/div>\r\n\t<input class=\"button_trigger_1\" type=\"hidden\" name=\"fld_1135858\" id=\"fld_1135858_1_btn\" value=\"\" data-field=\"fld_1135858\"  \/>\n<\/div><\/div><\/form>\r\n<\/div>\r\n\n<p>[\/vc_column_text][\/vc_column][vc_column width=&#8221;1\/4&#8243;][\/vc_column][\/vc_row]<\/p>\n<\/div>","protected":false},"excerpt":{"rendered":"<p>[vc_row full_width=&#8221;stretch_row&#8221;][vc_column][\/vc_column][\/vc_row][vc_row full_width=&#8221;stretch_row&#8221; el_id=&#8221;explore&#8221; css=&#8221;.vc_custom_1727965668584{background-color: #FFFFFF !important;}&#8221;][vc_column][vc_column_text] EXPLORE [&hellip;]<\/p>\n","protected":false},"author":1,"featured_media":0,"parent":0,"menu_order":0,"comment_status":"open","ping_status":"open","template":"","meta":{"_eb_attr":"","footnotes":""},"class_list":["post-184","page","type-page","status-publish","hentry"],"_links":{"self":[{"href":"https:\/\/massotebrokers.net.br\/vilareal\/wp-json\/wp\/v2\/pages\/184"}],"collection":[{"href":"https:\/\/massotebrokers.net.br\/vilareal\/wp-json\/wp\/v2\/pages"}],"about":[{"href":"https:\/\/massotebrokers.net.br\/vilareal\/wp-json\/wp\/v2\/types\/page"}],"author":[{"embeddable":true,"href":"https:\/\/massotebrokers.net.br\/vilareal\/wp-json\/wp\/v2\/users\/1"}],"replies":[{"embeddable":true,"href":"https:\/\/massotebrokers.net.br\/vilareal\/wp-json\/wp\/v2\/comments?post=184"}],"version-history":[{"count":46,"href":"https:\/\/massotebrokers.net.br\/vilareal\/wp-json\/wp\/v2\/pages\/184\/revisions"}],"predecessor-version":[{"id":1149,"href":"https:\/\/massotebrokers.net.br\/vilareal\/wp-json\/wp\/v2\/pages\/184\/revisions\/1149"}],"wp:attachment":[{"href":"https:\/\/massotebrokers.net.br\/vilareal\/wp-json\/wp\/v2\/media?parent=184"}],"curies":[{"name":"wp","href":"https:\/\/api.w.org\/{rel}","templated":true}]}}